{"id":699,"date":"2023-12-18T14:57:55","date_gmt":"2023-12-18T12:57:55","guid":{"rendered":"https:\/\/kamet-robacks.com\/frontpage\/"},"modified":"2026-03-26T07:52:57","modified_gmt":"2026-03-26T05:52:57","slug":"frontpage","status":"publish","type":"page","link":"https:\/\/kamet-robacks.com\/sv\/","title":{"rendered":"Kamet-R\u00f6b\u00e4cks &#8211; Betongfabriker, prefabutrustning och \u00e5tervinningsl\u00f6sningar"},"content":{"rendered":"","protected":false},"excerpt":{"rendered":"","protected":false},"author":1,"featured_media":2532,"parent":0,"menu_order":0,"comment_status":"closed","ping_status":"closed","template":"","meta":{"_acf_changed":false,"inline_featured_image":false,"footnotes":""},"class_list":["post-699","page","type-page","status-publish","has-post-thumbnail","hentry"],"acf":[],"yoast_head":"<!-- This site is optimized with the Yoast SEO plugin v27.4 - https:\/\/yoast.com\/product\/yoast-seo-wordpress\/ -->\n<title>Kamet-R\u00f6b\u00e4cks - Betongfabriker, prefabutrustning och \u00e5tervinningsl\u00f6sningar - Kamet-R\u00f6b\u00e4cks<\/title>\n<meta name=\"description\" content=\"Vi erbjuder ett omfattande utbud av betongfabriker, prefabutrustning, \u00e5tervinningsl\u00f6sningar och relaterade tj\u00e4nster.\" \/>\n<meta name=\"robots\" content=\"index, follow, max-snippet:-1, max-image-preview:large, max-video-preview:-1\" \/>\n<link rel=\"canonical\" href=\"https:\/\/kamet-robacks.com\/sv\/\" \/>\n<meta property=\"og:locale\" content=\"sv_SE\" \/>\n<meta property=\"og:type\" content=\"article\" \/>\n<meta property=\"og:title\" content=\"Kamet-R\u00f6b\u00e4cks - Betongfabriker, prefabutrustning och \u00e5tervinningsl\u00f6sningar - Kamet-R\u00f6b\u00e4cks\" \/>\n<meta property=\"og:description\" content=\"Vi erbjuder ett omfattande utbud av betongfabriker, prefabutrustning, \u00e5tervinningsl\u00f6sningar och relaterade tj\u00e4nster.\" \/>\n<meta property=\"og:url\" content=\"https:\/\/kamet-robacks.com\/sv\/\" \/>\n<meta property=\"og:site_name\" content=\"Kamet-R\u00f6b\u00e4cks\" \/>\n<meta property=\"article:modified_time\" content=\"2026-03-26T05:52:57+00:00\" \/>\n<meta property=\"og:image\" content=\"https:\/\/kamet-robacks.com\/wp-content\/uploads\/2025\/09\/Kamet-Robacks_logo-5.png\" \/>\n\t<meta property=\"og:image:width\" content=\"600\" \/>\n\t<meta property=\"og:image:height\" content=\"450\" \/>\n\t<meta property=\"og:image:type\" content=\"image\/png\" \/>\n<meta name=\"twitter:card\" content=\"summary_large_image\" \/>\n<meta name=\"twitter:label1\" content=\"Ber\u00e4knad l\u00e4stid\" \/>\n\t<meta name=\"twitter:data1\" content=\"1 minut\" \/>\n<script type=\"application\/ld+json\" class=\"yoast-schema-graph\">{\"@context\":\"https:\\\/\\\/schema.org\",\"@graph\":[{\"@type\":\"WebPage\",\"@id\":\"https:\\\/\\\/kamet-robacks.com\\\/sv\\\/\",\"url\":\"https:\\\/\\\/kamet-robacks.com\\\/sv\\\/\",\"name\":\"Kamet-R\u00f6b\u00e4cks - Betongfabriker, prefabutrustning och \u00e5tervinningsl\u00f6sningar - Kamet-R\u00f6b\u00e4cks\",\"isPartOf\":{\"@id\":\"https:\\\/\\\/kamet-robacks.com\\\/#website\"},\"primaryImageOfPage\":{\"@id\":\"https:\\\/\\\/kamet-robacks.com\\\/sv\\\/#primaryimage\"},\"image\":{\"@id\":\"https:\\\/\\\/kamet-robacks.com\\\/sv\\\/#primaryimage\"},\"thumbnailUrl\":\"https:\\\/\\\/kamet-robacks.com\\\/wp-content\\\/uploads\\\/2025\\\/09\\\/Kamet-Robacks_logo-5.png\",\"datePublished\":\"2023-12-18T12:57:55+00:00\",\"dateModified\":\"2026-03-26T05:52:57+00:00\",\"description\":\"Vi erbjuder ett omfattande utbud av betongfabriker, prefabutrustning, \u00e5tervinningsl\u00f6sningar och relaterade tj\u00e4nster.\",\"breadcrumb\":{\"@id\":\"https:\\\/\\\/kamet-robacks.com\\\/sv\\\/#breadcrumb\"},\"inLanguage\":\"sv-SE\",\"potentialAction\":[{\"@type\":\"ReadAction\",\"target\":[\"https:\\\/\\\/kamet-robacks.com\\\/sv\\\/\"]}]},{\"@type\":\"ImageObject\",\"inLanguage\":\"sv-SE\",\"@id\":\"https:\\\/\\\/kamet-robacks.com\\\/sv\\\/#primaryimage\",\"url\":\"https:\\\/\\\/kamet-robacks.com\\\/wp-content\\\/uploads\\\/2025\\\/09\\\/Kamet-Robacks_logo-5.png\",\"contentUrl\":\"https:\\\/\\\/kamet-robacks.com\\\/wp-content\\\/uploads\\\/2025\\\/09\\\/Kamet-Robacks_logo-5.png\",\"width\":600,\"height\":450},{\"@type\":\"BreadcrumbList\",\"@id\":\"https:\\\/\\\/kamet-robacks.com\\\/sv\\\/#breadcrumb\",\"itemListElement\":[{\"@type\":\"ListItem\",\"position\":1,\"name\":\"Home\",\"item\":\"https:\\\/\\\/kamet-robacks.com\\\/sv\\\/\"},{\"@type\":\"ListItem\",\"position\":2,\"name\":\"Kamet-R\u00f6b\u00e4cks &#8211; Betongfabriker, prefabutrustning och \u00e5tervinningsl\u00f6sningar\"}]},{\"@type\":\"WebSite\",\"@id\":\"https:\\\/\\\/kamet-robacks.com\\\/#website\",\"url\":\"https:\\\/\\\/kamet-robacks.com\\\/\",\"name\":\"Kamet-R\u00f6b\u00e4cks\",\"description\":\"\",\"publisher\":{\"@id\":\"https:\\\/\\\/kamet-robacks.com\\\/#organization\"},\"potentialAction\":[{\"@type\":\"SearchAction\",\"target\":{\"@type\":\"EntryPoint\",\"urlTemplate\":\"https:\\\/\\\/kamet-robacks.com\\\/?s={search_term_string}\"},\"query-input\":{\"@type\":\"PropertyValueSpecification\",\"valueRequired\":true,\"valueName\":\"search_term_string\"}}],\"inLanguage\":\"sv-SE\"},{\"@type\":\"Organization\",\"@id\":\"https:\\\/\\\/kamet-robacks.com\\\/#organization\",\"name\":\"Kamet-R\u00f6b\u00e4cks\",\"url\":\"https:\\\/\\\/kamet-robacks.com\\\/\",\"logo\":{\"@type\":\"ImageObject\",\"inLanguage\":\"sv-SE\",\"@id\":\"https:\\\/\\\/kamet-robacks.com\\\/#\\\/schema\\\/logo\\\/image\\\/\",\"url\":\"https:\\\/\\\/kamet-robacks.com\\\/wp-content\\\/uploads\\\/2023\\\/12\\\/kamet-robacks-logo.svg\",\"contentUrl\":\"https:\\\/\\\/kamet-robacks.com\\\/wp-content\\\/uploads\\\/2023\\\/12\\\/kamet-robacks-logo.svg\",\"width\":203,\"height\":80,\"caption\":\"Kamet-R\u00f6b\u00e4cks\"},\"image\":{\"@id\":\"https:\\\/\\\/kamet-robacks.com\\\/#\\\/schema\\\/logo\\\/image\\\/\"}}]}<\/script>\n<!-- \/ Yoast SEO plugin. -->","yoast_head_json":{"title":"Kamet-R\u00f6b\u00e4cks - Betongfabriker, prefabutrustning och \u00e5tervinningsl\u00f6sningar - Kamet-R\u00f6b\u00e4cks","description":"Vi erbjuder ett omfattande utbud av betongfabriker, prefabutrustning, \u00e5tervinningsl\u00f6sningar och relaterade tj\u00e4nster.","robots":{"index":"index","follow":"follow","max-snippet":"max-snippet:-1","max-image-preview":"max-image-preview:large","max-video-preview":"max-video-preview:-1"},"canonical":"https:\/\/kamet-robacks.com\/sv\/","og_locale":"sv_SE","og_type":"article","og_title":"Kamet-R\u00f6b\u00e4cks - Betongfabriker, prefabutrustning och \u00e5tervinningsl\u00f6sningar - Kamet-R\u00f6b\u00e4cks","og_description":"Vi erbjuder ett omfattande utbud av betongfabriker, prefabutrustning, \u00e5tervinningsl\u00f6sningar och relaterade tj\u00e4nster.","og_url":"https:\/\/kamet-robacks.com\/sv\/","og_site_name":"Kamet-R\u00f6b\u00e4cks","article_modified_time":"2026-03-26T05:52:57+00:00","og_image":[{"width":600,"height":450,"url":"https:\/\/kamet-robacks.com\/wp-content\/uploads\/2025\/09\/Kamet-Robacks_logo-5.png","type":"image\/png"}],"twitter_card":"summary_large_image","twitter_misc":{"Ber\u00e4knad l\u00e4stid":"1 minut"},"schema":{"@context":"https:\/\/schema.org","@graph":[{"@type":"WebPage","@id":"https:\/\/kamet-robacks.com\/sv\/","url":"https:\/\/kamet-robacks.com\/sv\/","name":"Kamet-R\u00f6b\u00e4cks - Betongfabriker, prefabutrustning och \u00e5tervinningsl\u00f6sningar - Kamet-R\u00f6b\u00e4cks","isPartOf":{"@id":"https:\/\/kamet-robacks.com\/#website"},"primaryImageOfPage":{"@id":"https:\/\/kamet-robacks.com\/sv\/#primaryimage"},"image":{"@id":"https:\/\/kamet-robacks.com\/sv\/#primaryimage"},"thumbnailUrl":"https:\/\/kamet-robacks.com\/wp-content\/uploads\/2025\/09\/Kamet-Robacks_logo-5.png","datePublished":"2023-12-18T12:57:55+00:00","dateModified":"2026-03-26T05:52:57+00:00","description":"Vi erbjuder ett omfattande utbud av betongfabriker, prefabutrustning, \u00e5tervinningsl\u00f6sningar och relaterade tj\u00e4nster.","breadcrumb":{"@id":"https:\/\/kamet-robacks.com\/sv\/#breadcrumb"},"inLanguage":"sv-SE","potentialAction":[{"@type":"ReadAction","target":["https:\/\/kamet-robacks.com\/sv\/"]}]},{"@type":"ImageObject","inLanguage":"sv-SE","@id":"https:\/\/kamet-robacks.com\/sv\/#primaryimage","url":"https:\/\/kamet-robacks.com\/wp-content\/uploads\/2025\/09\/Kamet-Robacks_logo-5.png","contentUrl":"https:\/\/kamet-robacks.com\/wp-content\/uploads\/2025\/09\/Kamet-Robacks_logo-5.png","width":600,"height":450},{"@type":"BreadcrumbList","@id":"https:\/\/kamet-robacks.com\/sv\/#breadcrumb","itemListElement":[{"@type":"ListItem","position":1,"name":"Home","item":"https:\/\/kamet-robacks.com\/sv\/"},{"@type":"ListItem","position":2,"name":"Kamet-R\u00f6b\u00e4cks &#8211; Betongfabriker, prefabutrustning och \u00e5tervinningsl\u00f6sningar"}]},{"@type":"WebSite","@id":"https:\/\/kamet-robacks.com\/#website","url":"https:\/\/kamet-robacks.com\/","name":"Kamet-R\u00f6b\u00e4cks","description":"","publisher":{"@id":"https:\/\/kamet-robacks.com\/#organization"},"potentialAction":[{"@type":"SearchAction","target":{"@type":"EntryPoint","urlTemplate":"https:\/\/kamet-robacks.com\/?s={search_term_string}"},"query-input":{"@type":"PropertyValueSpecification","valueRequired":true,"valueName":"search_term_string"}}],"inLanguage":"sv-SE"},{"@type":"Organization","@id":"https:\/\/kamet-robacks.com\/#organization","name":"Kamet-R\u00f6b\u00e4cks","url":"https:\/\/kamet-robacks.com\/","logo":{"@type":"ImageObject","inLanguage":"sv-SE","@id":"https:\/\/kamet-robacks.com\/#\/schema\/logo\/image\/","url":"https:\/\/kamet-robacks.com\/wp-content\/uploads\/2023\/12\/kamet-robacks-logo.svg","contentUrl":"https:\/\/kamet-robacks.com\/wp-content\/uploads\/2023\/12\/kamet-robacks-logo.svg","width":203,"height":80,"caption":"Kamet-R\u00f6b\u00e4cks"},"image":{"@id":"https:\/\/kamet-robacks.com\/#\/schema\/logo\/image\/"}}]}},"_links":{"self":[{"href":"https:\/\/kamet-robacks.com\/sv\/wp-json\/wp\/v2\/pages\/699","targetHints":{"allow":["GET"]}}],"collection":[{"href":"https:\/\/kamet-robacks.com\/sv\/wp-json\/wp\/v2\/pages"}],"about":[{"href":"https:\/\/kamet-robacks.com\/sv\/wp-json\/wp\/v2\/types\/page"}],"author":[{"embeddable":true,"href":"https:\/\/kamet-robacks.com\/sv\/wp-json\/wp\/v2\/users\/1"}],"replies":[{"embeddable":true,"href":"https:\/\/kamet-robacks.com\/sv\/wp-json\/wp\/v2\/comments?post=699"}],"version-history":[{"count":60,"href":"https:\/\/kamet-robacks.com\/sv\/wp-json\/wp\/v2\/pages\/699\/revisions"}],"predecessor-version":[{"id":6189,"href":"https:\/\/kamet-robacks.com\/sv\/wp-json\/wp\/v2\/pages\/699\/revisions\/6189"}],"wp:featuredmedia":[{"embeddable":true,"href":"https:\/\/kamet-robacks.com\/sv\/wp-json\/wp\/v2\/media\/2532"}],"wp:attachment":[{"href":"https:\/\/kamet-robacks.com\/sv\/wp-json\/wp\/v2\/media?parent=699"}],"curies":[{"name":"wp","href":"https:\/\/api.w.org\/{rel}","templated":true}]}}